{"id":25957,"date":"2016-05-27T21:11:20","date_gmt":"2016-05-27T20:11:20","guid":{"rendered":"https:\/\/anaabrao.com\/en\/portfolio-de-fotografias\/"},"modified":"2016-10-11T15:05:33","modified_gmt":"2016-10-11T14:05:33","slug":"galleries-portfolio","status":"publish","type":"page","link":"https:\/\/anaabrao.com\/en\/galleries-portfolio\/","title":{"rendered":"Gallery"},"content":{"rendered":"<p>[et_pb_section admin_label=&#8221;section&#8221; fullwidth=&#8221;on&#8221; specialty=&#8221;off&#8221; background_image=&#8221;http:\/\/elegantthemesimages.com\/images\/premade\/d2-placeholder-1920.jpg&#8221; inner_shadow=&#8221;off&#8221; parallax=&#8221;off&#8221;][et_pb_fullwidth_header admin_label=&#8221;Fullwidth Header&#8221; title=&#8221;The world from my point of view&#8221; subhead=&#8221;Travel photography through my lenses&#8221; background_layout=&#8221;dark&#8221; text_orientation=&#8221;left&#8221; header_fullscreen=&#8221;off&#8221; header_scroll_down=&#8221;off&#8221; background_color=&#8221;#cccccc&#8221; parallax=&#8221;off&#8221; parallax_method=&#8221;off&#8221; content_orientation=&#8221;center&#8221; image_orientation=&#8221;center&#8221; custom_button_one=&#8221;off&#8221; button_one_letter_spacing=&#8221;0&#8243; button_one_use_icon=&#8221;default&#8221; button_one_icon_placement=&#8221;right&#8221; button_one_on_hover=&#8221;on&#8221; button_one_letter_spacing_hover=&#8221;0&#8243; custom_button_two=&#8221;off&#8221; button_two_letter_spacing=&#8221;0&#8243; button_two_use_icon=&#8221;default&#8221; button_two_icon_placement=&#8221;right&#8221; button_two_on_hover=&#8221;on&#8221; button_two_letter_spacing_hover=&#8221;0&#8243;] [\/et_pb_fullwidth_header][\/et_pb_section][et_pb_section admin_label=&#8221;Section&#8221; fullwidth=&#8221;off&#8221; specialty=&#8221;off&#8221;][et_pb_row admin_label=&#8221;Row&#8221;][et_pb_column type=&#8221;4_4&#8243;][et_pb_text admin_label=&#8221;Text&#8221; background_layout=&#8221;light&#8221; text_orientation=&#8221;left&#8221; use_border_color=&#8221;off&#8221; border_color=&#8221;#ffffff&#8221; border_style=&#8221;solid&#8221;] <!-- The Grid Plugin Version 2.8.1 --><div class=\"tg-error-msg\" data-grid-name=\"Portfolio EN\">No grid was found for: Portfolio EN.<\/div> [\/et_pb_text][\/et_pb_column][\/et_pb_row][\/et_pb_section][et_pb_section admin_label=&#8221;section&#8221; fullwidth=&#8221;on&#8221; specialty=&#8221;off&#8221; background_image=&#8221;http:\/\/elegantthemesimages.com\/images\/premade\/d2-placeholder-1920.jpg&#8221; inner_shadow=&#8221;off&#8221; parallax=&#8221;off&#8221;][et_pb_fullwidth_header admin_label=&#8221;Fullwidth Header&#8221; background_layout=&#8221;dark&#8221; text_orientation=&#8221;left&#8221; header_fullscreen=&#8221;off&#8221; header_scroll_down=&#8221;off&#8221; background_color=&#8221;#cccccc&#8221; parallax=&#8221;off&#8221; parallax_method=&#8221;off&#8221; content_orientation=&#8221;center&#8221; image_orientation=&#8221;center&#8221; custom_button_one=&#8221;off&#8221; button_one_letter_spacing=&#8221;0&#8243; button_one_use_icon=&#8221;default&#8221; button_one_icon_placement=&#8221;right&#8221; button_one_on_hover=&#8221;on&#8221; button_one_letter_spacing_hover=&#8221;0&#8243; custom_button_two=&#8221;off&#8221; button_two_letter_spacing=&#8221;0&#8243; button_two_use_icon=&#8221;default&#8221; button_two_icon_placement=&#8221;right&#8221; button_two_on_hover=&#8221;on&#8221; button_two_letter_spacing_hover=&#8221;0&#8243;] [\/et_pb_fullwidth_header][\/et_pb_section]<\/p>\n","protected":false},"excerpt":{"rendered":"<!-- The Grid Plugin Version 2.8.1 --><div class=\"tg-error-msg\" data-grid-name=\"Portfolio EN\">No grid was found for: Portfolio EN.<\/div>\n","protected":false},"author":3,"featured_media":0,"parent":0,"menu_order":0,"comment_status":"closed","ping_status":"closed","template":"","meta":{"_et_pb_use_builder":"on","_et_pb_old_content":"","_et_gb_content_width":"","footnotes":""},"class_list":["post-25957","page","type-page","status-publish","hentry"],"yoast_head":"<!-- This site is optimized with the Yoast SEO plugin v26.8 - https:\/\/yoast.com\/product\/yoast-seo-wordpress\/ -->\n<title>Galerias de Fotografia<\/title>\n<meta name=\"description\" content=\"Galeria de imagens. Inclui fotografias de paisagens com longa exposi\u00e7\u00e3o, retratos, al\u00e9m de fotografias art\u00edsticas\" \/>\n<meta name=\"robots\" content=\"index, follow, max-snippet:-1, max-image-preview:large, max-video-preview:-1\" \/>\n<link rel=\"canonical\" href=\"https:\/\/anaabrao.com\/galleries-portfolio\/\" \/>\n<meta property=\"og:locale\" content=\"en_US\" \/>\n<meta property=\"og:type\" content=\"article\" \/>\n<meta property=\"og:title\" content=\"Galerias de Fotografia\" \/>\n<meta property=\"og:description\" content=\"Galeria de imagens. Inclui fotografias de paisagens com longa exposi\u00e7\u00e3o, retratos, al\u00e9m de fotografias art\u00edsticas\" \/>\n<meta property=\"og:url\" content=\"https:\/\/anaabrao.com\/galleries-portfolio\/\" \/>\n<meta property=\"og:site_name\" content=\"Ana Abr\u00e3o\" \/>\n<meta property=\"article:publisher\" content=\"https:\/\/www.facebook.com\/ana.maria.abrao\" \/>\n<meta property=\"article:modified_time\" content=\"2016-10-11T14:05:33+00:00\" \/>\n<meta name=\"twitter:card\" content=\"summary_large_image\" \/>\n<meta name=\"twitter:label1\" content=\"Est. reading time\" \/>\n\t<meta name=\"twitter:data1\" content=\"2 minutes\" \/>\n<script type=\"application\/ld+json\" class=\"yoast-schema-graph\">{\"@context\":\"https:\/\/schema.org\",\"@graph\":[{\"@type\":\"WebPage\",\"@id\":\"https:\/\/anaabrao.com\/galleries-portfolio\/\",\"url\":\"https:\/\/anaabrao.com\/galleries-portfolio\/\",\"name\":\"Galerias de Fotografia\",\"isPartOf\":{\"@id\":\"https:\/\/anaabrao.com\/#website\"},\"datePublished\":\"2016-05-27T20:11:20+00:00\",\"dateModified\":\"2016-10-11T14:05:33+00:00\",\"description\":\"Galeria de imagens. Inclui fotografias de paisagens com longa exposi\u00e7\u00e3o, retratos, al\u00e9m de fotografias art\u00edsticas\",\"breadcrumb\":{\"@id\":\"https:\/\/anaabrao.com\/galleries-portfolio\/#breadcrumb\"},\"inLanguage\":\"en-US\",\"potentialAction\":[{\"@type\":\"ReadAction\",\"target\":[\"https:\/\/anaabrao.com\/galleries-portfolio\/\"]}]},{\"@type\":\"BreadcrumbList\",\"@id\":\"https:\/\/anaabrao.com\/galleries-portfolio\/#breadcrumb\",\"itemListElement\":[{\"@type\":\"ListItem\",\"position\":1,\"name\":\"Home\",\"item\":\"https:\/\/anaabrao.com\/home\/\"},{\"@type\":\"ListItem\",\"position\":2,\"name\":\"Gallery\"}]},{\"@type\":\"WebSite\",\"@id\":\"https:\/\/anaabrao.com\/#website\",\"url\":\"https:\/\/anaabrao.com\/\",\"name\":\"Ana Abr\u00e3o\",\"description\":\"On line Portfolio\",\"potentialAction\":[{\"@type\":\"SearchAction\",\"target\":{\"@type\":\"EntryPoint\",\"urlTemplate\":\"https:\/\/anaabrao.com\/?s={search_term_string}\"},\"query-input\":{\"@type\":\"PropertyValueSpecification\",\"valueRequired\":true,\"valueName\":\"search_term_string\"}}],\"inLanguage\":\"en-US\"}]}<\/script>\n<!-- \/ Yoast SEO plugin. -->","yoast_head_json":{"title":"Galerias de Fotografia","description":"Galeria de imagens. Inclui fotografias de paisagens com longa exposi\u00e7\u00e3o, retratos, al\u00e9m de fotografias art\u00edsticas","robots":{"index":"index","follow":"follow","max-snippet":"max-snippet:-1","max-image-preview":"max-image-preview:large","max-video-preview":"max-video-preview:-1"},"canonical":"https:\/\/anaabrao.com\/galleries-portfolio\/","og_locale":"en_US","og_type":"article","og_title":"Galerias de Fotografia","og_description":"Galeria de imagens. Inclui fotografias de paisagens com longa exposi\u00e7\u00e3o, retratos, al\u00e9m de fotografias art\u00edsticas","og_url":"https:\/\/anaabrao.com\/galleries-portfolio\/","og_site_name":"Ana Abr\u00e3o","article_publisher":"https:\/\/www.facebook.com\/ana.maria.abrao","article_modified_time":"2016-10-11T14:05:33+00:00","twitter_card":"summary_large_image","twitter_misc":{"Est. reading time":"2 minutes"},"schema":{"@context":"https:\/\/schema.org","@graph":[{"@type":"WebPage","@id":"https:\/\/anaabrao.com\/galleries-portfolio\/","url":"https:\/\/anaabrao.com\/galleries-portfolio\/","name":"Galerias de Fotografia","isPartOf":{"@id":"https:\/\/anaabrao.com\/#website"},"datePublished":"2016-05-27T20:11:20+00:00","dateModified":"2016-10-11T14:05:33+00:00","description":"Galeria de imagens. Inclui fotografias de paisagens com longa exposi\u00e7\u00e3o, retratos, al\u00e9m de fotografias art\u00edsticas","breadcrumb":{"@id":"https:\/\/anaabrao.com\/galleries-portfolio\/#breadcrumb"},"inLanguage":"en-US","potentialAction":[{"@type":"ReadAction","target":["https:\/\/anaabrao.com\/galleries-portfolio\/"]}]},{"@type":"BreadcrumbList","@id":"https:\/\/anaabrao.com\/galleries-portfolio\/#breadcrumb","itemListElement":[{"@type":"ListItem","position":1,"name":"Home","item":"https:\/\/anaabrao.com\/home\/"},{"@type":"ListItem","position":2,"name":"Gallery"}]},{"@type":"WebSite","@id":"https:\/\/anaabrao.com\/#website","url":"https:\/\/anaabrao.com\/","name":"Ana Abr\u00e3o","description":"On line Portfolio","potentialAction":[{"@type":"SearchAction","target":{"@type":"EntryPoint","urlTemplate":"https:\/\/anaabrao.com\/?s={search_term_string}"},"query-input":{"@type":"PropertyValueSpecification","valueRequired":true,"valueName":"search_term_string"}}],"inLanguage":"en-US"}]}},"_links":{"self":[{"href":"https:\/\/anaabrao.com\/en\/wp-json\/wp\/v2\/pages\/25957","targetHints":{"allow":["GET"]}}],"collection":[{"href":"https:\/\/anaabrao.com\/en\/wp-json\/wp\/v2\/pages"}],"about":[{"href":"https:\/\/anaabrao.com\/en\/wp-json\/wp\/v2\/types\/page"}],"author":[{"embeddable":true,"href":"https:\/\/anaabrao.com\/en\/wp-json\/wp\/v2\/users\/3"}],"replies":[{"embeddable":true,"href":"https:\/\/anaabrao.com\/en\/wp-json\/wp\/v2\/comments?post=25957"}],"version-history":[{"count":3,"href":"https:\/\/anaabrao.com\/en\/wp-json\/wp\/v2\/pages\/25957\/revisions"}],"predecessor-version":[{"id":25961,"href":"https:\/\/anaabrao.com\/en\/wp-json\/wp\/v2\/pages\/25957\/revisions\/25961"}],"wp:attachment":[{"href":"https:\/\/anaabrao.com\/en\/wp-json\/wp\/v2\/media?parent=25957"}],"curies":[{"name":"wp","href":"https:\/\/api.w.org\/{rel}","templated":true}]}}