{"id":27067,"date":"2023-08-11T15:12:00","date_gmt":"2023-08-11T14:12:00","guid":{"rendered":"https:\/\/anaabrao.com\/shop\/"},"modified":"2024-12-18T22:24:32","modified_gmt":"2024-12-18T21:24:32","slug":"shop","status":"publish","type":"page","link":"https:\/\/anaabrao.com\/en\/shop\/","title":{"rendered":"Shop"},"content":{"rendered":"<p>[et_pb_section fb_built=&#8221;1&#8243; admin_label=&#8221;section&#8221; _builder_version=&#8221;4.16&#8243; global_colors_info=&#8221;{}&#8221;][et_pb_row column_structure=&#8221;1_2,1_2&#8243; _builder_version=&#8221;4.27.4&#8243; _module_preset=&#8221;default&#8221; global_colors_info=&#8221;{}&#8221;][et_pb_column type=&#8221;1_2&#8243; _builder_version=&#8221;4.27.4&#8243; _module_preset=&#8221;default&#8221; global_colors_info=&#8221;{}&#8221;][et_pb_image src=&#8221;https:\/\/anaabrao.com\/wp-content\/uploads\/2024\/12\/Book-cover-Outros-Mundos-s.jpg&#8221; title_text=&#8221;Book cover Outros Mundos s&#8221; url=&#8221;https:\/\/anaabrao.com\/loja\/livro-outros-mundos\/&#8221; _builder_version=&#8221;4.27.4&#8243; _module_preset=&#8221;default&#8221; global_colors_info=&#8221;{}&#8221;][\/et_pb_image][et_pb_text _builder_version=&#8221;4.27.4&#8243; _module_preset=&#8221;default&#8221; custom_padding=&#8221;||0px|||&#8221; global_colors_info=&#8221;{}&#8221;]<\/p>\n<p style=\"text-align: center;\"><strong>OUTROS MUNDOS<\/strong><\/p>\n<p style=\"text-align: center;\">Um ano, um m\u00eas e uma semana<br \/>de aventuras e fotografias na \u00c1sia<\/p>\n<p>[\/et_pb_text][\/et_pb_column][et_pb_column type=&#8221;1_2&#8243; _builder_version=&#8221;4.27.4&#8243; _module_preset=&#8221;default&#8221; global_colors_info=&#8221;{}&#8221;][et_pb_image src=&#8221;https:\/\/anaabrao.com\/wp-content\/uploads\/2024\/12\/Kalasha-Ana-Abrao-tex-s.jpg&#8221; title_text=&#8221;Kalasha &#8211; Ana Abrao tex s&#8221; url=&#8221;https:\/\/anaabrao.com\/en\/loja\/book-kalasha\/&#8221; _builder_version=&#8221;4.27.4&#8243; _module_preset=&#8221;default&#8221; global_colors_info=&#8221;{}&#8221;][\/et_pb_image][et_pb_text _builder_version=&#8221;4.27.4&#8243; _module_preset=&#8221;default&#8221; global_colors_info=&#8221;{}&#8221;]<\/p>\n<p style=\"text-align: center;\"><strong>KALASHA<\/strong><\/p>\n<p>Fotografias e hist\u00f3rias do povo\u00a0<span class=\"il\">Kalash<\/span>, uma minoria animista das montanhas do Paquist\u00e3o<\/p>\n<div dir=\"auto\">\u00a0<\/div>\n<div dir=\"auto\">Photographs and\u00a0<span class=\"il\">stories<\/span>\u00a0of the\u00a0<span class=\"il\">Kalash<\/span>\u00a0people, an animist minority from the mountains of Pakistan<\/div>\n<p>[\/et_pb_text][\/et_pb_column][\/et_pb_row][\/et_pb_section]<\/p>\n","protected":false},"excerpt":{"rendered":"<p>OUTROS MUNDOS Um ano, um m\u00eas e uma semanade aventuras e fotografias na \u00c1siaKALASHA Fotografias e hist\u00f3rias do povo\u00a0Kalash, uma minoria animista das montanhas do Paquist\u00e3o \u00a0 Photographs and\u00a0stories\u00a0of the\u00a0Kalash\u00a0people, an animist minority from the mountains of Pakistan<\/p>\n","protected":false},"author":4,"featured_media":0,"parent":0,"menu_order":0,"comment_status":"closed","ping_status":"closed","template":"","meta":{"_et_pb_use_builder":"on","_et_pb_old_content":"","_et_gb_content_width":"","footnotes":""},"class_list":["post-27067","page","type-page","status-publish","hentry"],"yoast_head":"<!-- This site is optimized with the Yoast SEO plugin v26.8 - https:\/\/yoast.com\/product\/yoast-seo-wordpress\/ -->\n<title>Shop - Ana Abr\u00e3o<\/title>\n<meta name=\"robots\" content=\"index, follow, max-snippet:-1, max-image-preview:large, max-video-preview:-1\" \/>\n<link rel=\"canonical\" href=\"https:\/\/anaabrao.com\/en\/shop\/\" \/>\n<meta property=\"og:locale\" content=\"en_US\" \/>\n<meta property=\"og:type\" content=\"article\" \/>\n<meta property=\"og:title\" content=\"Shop - Ana Abr\u00e3o\" \/>\n<meta property=\"og:description\" content=\"OUTROS MUNDOS Um ano, um m\u00eas e uma semanade aventuras e fotografias na \u00c1siaKALASHA Fotografias e hist\u00f3rias do povo\u00a0Kalash, uma minoria animista das montanhas do Paquist\u00e3o \u00a0 Photographs and\u00a0stories\u00a0of the\u00a0Kalash\u00a0people, an animist minority from the mountains of Pakistan\" \/>\n<meta property=\"og:url\" content=\"https:\/\/anaabrao.com\/en\/shop\/\" \/>\n<meta property=\"og:site_name\" content=\"Ana Abr\u00e3o\" \/>\n<meta property=\"article:publisher\" content=\"https:\/\/www.facebook.com\/ana.maria.abrao\" \/>\n<meta property=\"article:modified_time\" content=\"2024-12-18T21:24:32+00:00\" \/>\n<meta name=\"twitter:card\" content=\"summary_large_image\" \/>\n<meta name=\"twitter:label1\" content=\"Est. reading time\" \/>\n\t<meta name=\"twitter:data1\" content=\"1 minute\" \/>\n<script type=\"application\/ld+json\" class=\"yoast-schema-graph\">{\"@context\":\"https:\/\/schema.org\",\"@graph\":[{\"@type\":\"WebPage\",\"@id\":\"https:\/\/anaabrao.com\/en\/shop\/\",\"url\":\"https:\/\/anaabrao.com\/en\/shop\/\",\"name\":\"Shop - Ana Abr\u00e3o\",\"isPartOf\":{\"@id\":\"https:\/\/anaabrao.com\/#website\"},\"datePublished\":\"2023-08-11T14:12:00+00:00\",\"dateModified\":\"2024-12-18T21:24:32+00:00\",\"breadcrumb\":{\"@id\":\"https:\/\/anaabrao.com\/en\/shop\/#breadcrumb\"},\"inLanguage\":\"en-US\",\"potentialAction\":[{\"@type\":\"ReadAction\",\"target\":[\"https:\/\/anaabrao.com\/en\/shop\/\"]}]},{\"@type\":\"BreadcrumbList\",\"@id\":\"https:\/\/anaabrao.com\/en\/shop\/#breadcrumb\",\"itemListElement\":[{\"@type\":\"ListItem\",\"position\":1,\"name\":\"Home\",\"item\":\"https:\/\/anaabrao.com\/home\/\"},{\"@type\":\"ListItem\",\"position\":2,\"name\":\"Shop\"}]},{\"@type\":\"WebSite\",\"@id\":\"https:\/\/anaabrao.com\/#website\",\"url\":\"https:\/\/anaabrao.com\/\",\"name\":\"Ana Abr\u00e3o\",\"description\":\"On line Portfolio\",\"potentialAction\":[{\"@type\":\"SearchAction\",\"target\":{\"@type\":\"EntryPoint\",\"urlTemplate\":\"https:\/\/anaabrao.com\/?s={search_term_string}\"},\"query-input\":{\"@type\":\"PropertyValueSpecification\",\"valueRequired\":true,\"valueName\":\"search_term_string\"}}],\"inLanguage\":\"en-US\"}]}<\/script>\n<!-- \/ Yoast SEO plugin. -->","yoast_head_json":{"title":"Shop - Ana Abr\u00e3o","robots":{"index":"index","follow":"follow","max-snippet":"max-snippet:-1","max-image-preview":"max-image-preview:large","max-video-preview":"max-video-preview:-1"},"canonical":"https:\/\/anaabrao.com\/en\/shop\/","og_locale":"en_US","og_type":"article","og_title":"Shop - Ana Abr\u00e3o","og_description":"OUTROS MUNDOS Um ano, um m\u00eas e uma semanade aventuras e fotografias na \u00c1siaKALASHA Fotografias e hist\u00f3rias do povo\u00a0Kalash, uma minoria animista das montanhas do Paquist\u00e3o \u00a0 Photographs and\u00a0stories\u00a0of the\u00a0Kalash\u00a0people, an animist minority from the mountains of Pakistan","og_url":"https:\/\/anaabrao.com\/en\/shop\/","og_site_name":"Ana Abr\u00e3o","article_publisher":"https:\/\/www.facebook.com\/ana.maria.abrao","article_modified_time":"2024-12-18T21:24:32+00:00","twitter_card":"summary_large_image","twitter_misc":{"Est. reading time":"1 minute"},"schema":{"@context":"https:\/\/schema.org","@graph":[{"@type":"WebPage","@id":"https:\/\/anaabrao.com\/en\/shop\/","url":"https:\/\/anaabrao.com\/en\/shop\/","name":"Shop - Ana Abr\u00e3o","isPartOf":{"@id":"https:\/\/anaabrao.com\/#website"},"datePublished":"2023-08-11T14:12:00+00:00","dateModified":"2024-12-18T21:24:32+00:00","breadcrumb":{"@id":"https:\/\/anaabrao.com\/en\/shop\/#breadcrumb"},"inLanguage":"en-US","potentialAction":[{"@type":"ReadAction","target":["https:\/\/anaabrao.com\/en\/shop\/"]}]},{"@type":"BreadcrumbList","@id":"https:\/\/anaabrao.com\/en\/shop\/#breadcrumb","itemListElement":[{"@type":"ListItem","position":1,"name":"Home","item":"https:\/\/anaabrao.com\/home\/"},{"@type":"ListItem","position":2,"name":"Shop"}]},{"@type":"WebSite","@id":"https:\/\/anaabrao.com\/#website","url":"https:\/\/anaabrao.com\/","name":"Ana Abr\u00e3o","description":"On line Portfolio","potentialAction":[{"@type":"SearchAction","target":{"@type":"EntryPoint","urlTemplate":"https:\/\/anaabrao.com\/?s={search_term_string}"},"query-input":{"@type":"PropertyValueSpecification","valueRequired":true,"valueName":"search_term_string"}}],"inLanguage":"en-US"}]}},"_links":{"self":[{"href":"https:\/\/anaabrao.com\/en\/wp-json\/wp\/v2\/pages\/27067","targetHints":{"allow":["GET"]}}],"collection":[{"href":"https:\/\/anaabrao.com\/en\/wp-json\/wp\/v2\/pages"}],"about":[{"href":"https:\/\/anaabrao.com\/en\/wp-json\/wp\/v2\/types\/page"}],"author":[{"embeddable":true,"href":"https:\/\/anaabrao.com\/en\/wp-json\/wp\/v2\/users\/4"}],"replies":[{"embeddable":true,"href":"https:\/\/anaabrao.com\/en\/wp-json\/wp\/v2\/comments?post=27067"}],"version-history":[{"count":5,"href":"https:\/\/anaabrao.com\/en\/wp-json\/wp\/v2\/pages\/27067\/revisions"}],"predecessor-version":[{"id":27318,"href":"https:\/\/anaabrao.com\/en\/wp-json\/wp\/v2\/pages\/27067\/revisions\/27318"}],"wp:attachment":[{"href":"https:\/\/anaabrao.com\/en\/wp-json\/wp\/v2\/media?parent=27067"}],"curies":[{"name":"wp","href":"https:\/\/api.w.org\/{rel}","templated":true}]}}