{"id":27118,"date":"2023-08-07T15:42:21","date_gmt":"2023-08-07T14:42:21","guid":{"rendered":"https:\/\/anaabrao.com\/loja\/outros-mundos\/"},"modified":"2023-11-06T18:47:42","modified_gmt":"2023-11-06T17:47:42","slug":"book-outros-mundos","status":"publish","type":"product","link":"https:\/\/anaabrao.com\/en\/loja\/book-outros-mundos\/","title":{"rendered":"Book &#8220;Outros Mundos&#8221; &#8211; Sold Out"},"content":{"rendered":"<p>[et_pb_section fb_built=&#8221;1&#8243; _builder_version=&#8221;4.16&#8243; custom_padding=&#8221;0px||||false|false&#8221; global_colors_info=&#8221;{}&#8221;][et_pb_row _builder_version=&#8221;4.16&#8243; background_size=&#8221;initial&#8221; background_position=&#8221;top_left&#8221; background_repeat=&#8221;repeat&#8221; width=&#8221;100%&#8221; custom_padding=&#8221;0px||0px||false|false&#8221; global_colors_info=&#8221;{}&#8221;][et_pb_column type=&#8221;4_4&#8243; _builder_version=&#8221;4.16&#8243; custom_padding=&#8221;|||&#8221; global_colors_info=&#8221;{}&#8221; custom_padding__hover=&#8221;|||&#8221;][et_pb_wc_breadcrumb _builder_version=&#8221;4.16&#8243; global_colors_info=&#8221;{}&#8221;][\/et_pb_wc_breadcrumb][et_pb_wc_cart_notice _builder_version=&#8221;4.16&#8243; global_colors_info=&#8221;{}&#8221;][\/et_pb_wc_cart_notice][\/et_pb_column][\/et_pb_row][et_pb_row column_structure=&#8221;1_2,1_2&#8243; _builder_version=&#8221;4.16&#8243; background_size=&#8221;initial&#8221; background_position=&#8221;top_left&#8221; background_repeat=&#8221;repeat&#8221; width=&#8221;100%&#8221; custom_padding=&#8221;0px||||false|false&#8221; global_colors_info=&#8221;{}&#8221;][et_pb_column type=&#8221;1_2&#8243; _builder_version=&#8221;4.16&#8243; custom_padding=&#8221;|||&#8221; global_colors_info=&#8221;{}&#8221; custom_padding__hover=&#8221;|||&#8221;][et_pb_wc_images _builder_version=&#8221;4.16&#8243; global_colors_info=&#8221;{}&#8221;][\/et_pb_wc_images][\/et_pb_column][et_pb_column type=&#8221;1_2&#8243; _builder_version=&#8221;4.16&#8243; custom_padding=&#8221;|||&#8221; global_colors_info=&#8221;{}&#8221; custom_padding__hover=&#8221;|||&#8221;][et_pb_wc_title _builder_version=&#8221;4.16&#8243; custom_margin=&#8221;||9px|||&#8221; global_colors_info=&#8221;{}&#8221;][\/et_pb_wc_title][et_pb_wc_price _builder_version=&#8221;4.16&#8243; global_colors_info=&#8221;{}&#8221;][\/et_pb_wc_price][et_pb_wc_description _builder_version=&#8221;4.16&#8243; global_colors_info=&#8221;{}&#8221;][\/et_pb_wc_description][et_pb_wc_additional_info show_title=&#8221;off&#8221; disabled_on=&#8221;off|off|off&#8221; _builder_version=&#8221;4.18.0&#8243; _module_preset=&#8221;default&#8221; table_custom_margin=&#8221;0px||||false|false&#8221; table_cell_custom_padding=&#8221;|0px||0px|false|false&#8221; body_line_height=&#8221;1em&#8221; header_font_size=&#8221;2px&#8221; attribute_line_height=&#8221;1em&#8221; module_alignment=&#8221;left&#8221; min_height=&#8221;25.4px&#8221; height=&#8221;10px&#8221; custom_margin=&#8221;0px||29px|0px|false|false&#8221; custom_padding=&#8221;0px||45px|0px|false|false&#8221; custom_css_title_text=&#8221;visibility: hidden;&#8221; custom_css_attribute_row=&#8221;.bgcolor: red&#8221; border_color_all_table=&#8221;RGBA(255,255,255,0)&#8221; border_color_left_table=&#8221;RGBA(255,255,255,0)&#8221; border_width_all_table_row=&#8221;0px&#8221; border_width_all_table_cell=&#8221;0px&#8221; global_colors_info=&#8221;{}&#8221;][\/et_pb_wc_additional_info][et_pb_wc_rating _builder_version=&#8221;4.18.0&#8243; rating_text_color=&#8221;#E09900&#8243; global_colors_info=&#8221;{}&#8221;][\/et_pb_wc_rating][et_pb_wc_add_to_cart _builder_version=&#8221;4.18.0&#8243; fields_custom_margin=&#8221;||||false|false&#8221; fields_custom_padding=&#8221;||||false|false&#8221; border_radii_fields=&#8221;on|6px|6px|6px|6px&#8221; global_colors_info=&#8221;{}&#8221;][\/et_pb_wc_add_to_cart][et_pb_wc_meta separator=&#8221;|&#8221; show_categories=&#8221;off&#8221; _builder_version=&#8221;4.18.0&#8243; _module_preset=&#8221;default&#8221; global_colors_info=&#8221;{}&#8221;][\/et_pb_wc_meta][\/et_pb_column][\/et_pb_row][et_pb_row _builder_version=&#8221;4.16&#8243; background_size=&#8221;initial&#8221; background_position=&#8221;top_left&#8221; background_repeat=&#8221;repeat&#8221; width=&#8221;100%&#8221; global_colors_info=&#8221;{}&#8221;][et_pb_column type=&#8221;4_4&#8243; _builder_version=&#8221;4.16&#8243; custom_padding=&#8221;|||&#8221; global_colors_info=&#8221;{}&#8221; custom_padding__hover=&#8221;|||&#8221;][et_pb_wc_tabs include_tabs=&#8221;description||reviews&#8221; _builder_version=&#8221;4.18.0&#8243; global_colors_info=&#8221;{}&#8221;] [\/et_pb_wc_tabs][et_pb_wc_upsells _builder_version=&#8221;4.16&#8243; global_colors_info=&#8221;{}&#8221;][\/et_pb_wc_upsells][et_pb_wc_related_products _builder_version=&#8221;4.16&#8243; global_colors_info=&#8221;{}&#8221;][\/et_pb_wc_related_products][\/et_pb_column][\/et_pb_row][\/et_pb_section]<\/p>\n","protected":false},"excerpt":{"rendered":"<p>ENGLISH Um ano, um m\u00eas e uma semana de aventuras e fotografias na \u00c1sia<\/p>\n<h3>Um livro com Originalidade<\/h3>\n<p>Al\u00e9m de um portfolio de imagens invulgar,\u00a0 \u00e9 tamb\u00e9m sobre pessoas que vivem outras realidades, \u00e9 sobre a diversidade cultural expressa no vestu\u00e1rio, nos costumes, na religi\u00e3o, na express\u00e3o corporal e na forma como se organizam socialmente.<\/p>\n","protected":false},"featured_media":27058,"comment_status":"open","ping_status":"closed","template":"","meta":{"_et_pb_use_builder":"on","_et_pb_old_content":"Um ano, um m\u00eas e uma semana de aventuras e fotografias na \u00c1sia\r\n\r\nUm livro que conta a hist\u00f3ria por tr\u00e1s das imagens e revela, em imagens, o que narram as hist\u00f3rias.\r\n<h5>Caracter\u00edsticas do Livro<\/h5>\r\n<ul>\r\n \t<li>Capa dura<\/li>\r\n \t<li>30x20cm<\/li>\r\n \t<li>136 p\u00e1ginas<\/li>\r\n<\/ul>","_et_gb_content_width":""},"product_brand":[],"product_cat":[78],"product_tag":[],"class_list":{"0":"post-27118","1":"product","2":"type-product","3":"status-publish","4":"has-post-thumbnail","6":"product_cat-livro-en","7":"pa_autor-ana-abrao-en","9":"first","10":"outofstock","11":"shipping-taxable","12":"purchasable","13":"product-type-simple"},"yoast_head":"<!-- This site is optimized with the Yoast SEO plugin v26.8 - https:\/\/yoast.com\/product\/yoast-seo-wordpress\/ -->\n<title>Book &quot;Outros Mundos&quot; - Sold Out - Ana Abr\u00e3o<\/title>\n<meta name=\"robots\" content=\"index, follow, max-snippet:-1, max-image-preview:large, max-video-preview:-1\" \/>\n<link rel=\"canonical\" href=\"https:\/\/anaabrao.com\/en\/loja\/book-outros-mundos\/\" \/>\n<meta property=\"og:locale\" content=\"en_US\" \/>\n<meta property=\"og:type\" content=\"article\" \/>\n<meta property=\"og:title\" content=\"Book &quot;Outros Mundos&quot; - Sold Out - Ana Abr\u00e3o\" \/>\n<meta property=\"og:description\" content=\"ENGLISH Um ano, um m\u00eas e uma semana de aventuras e fotografias na \u00c1sia Um livro com Originalidade Al\u00e9m de um portfolio de imagens invulgar,\u00a0 \u00e9 tamb\u00e9m sobre pessoas que vivem outras realidades, \u00e9 sobre a diversidade cultural expressa no vestu\u00e1rio, nos costumes, na religi\u00e3o, na express\u00e3o corporal e na forma como se organizam socialmente.\" \/>\n<meta property=\"og:url\" content=\"https:\/\/anaabrao.com\/en\/loja\/book-outros-mundos\/\" \/>\n<meta property=\"og:site_name\" content=\"Ana Abr\u00e3o\" \/>\n<meta property=\"article:publisher\" content=\"https:\/\/www.facebook.com\/ana.maria.abrao\" \/>\n<meta property=\"article:modified_time\" content=\"2023-11-06T17:47:42+00:00\" \/>\n<meta property=\"og:image\" content=\"https:\/\/anaabrao.com\/wp-content\/uploads\/2023\/08\/Outros-Mundos-dois-livros-juntos2pq-1.webp\" \/>\n\t<meta property=\"og:image:width\" content=\"1329\" \/>\n\t<meta property=\"og:image:height\" content=\"1214\" \/>\n\t<meta property=\"og:image:type\" content=\"image\/webp\" \/>\n<meta name=\"twitter:card\" content=\"summary_large_image\" \/>\n<meta name=\"twitter:label1\" content=\"Est. reading time\" \/>\n\t<meta name=\"twitter:data1\" content=\"1 minute\" \/>\n<script type=\"application\/ld+json\" class=\"yoast-schema-graph\">{\"@context\":\"https:\/\/schema.org\",\"@graph\":[{\"@type\":\"WebPage\",\"@id\":\"https:\/\/anaabrao.com\/en\/loja\/book-outros-mundos\/\",\"url\":\"https:\/\/anaabrao.com\/en\/loja\/book-outros-mundos\/\",\"name\":\"Book \\\"Outros Mundos\\\" - Sold Out - Ana Abr\u00e3o\",\"isPartOf\":{\"@id\":\"https:\/\/anaabrao.com\/#website\"},\"primaryImageOfPage\":{\"@id\":\"https:\/\/anaabrao.com\/en\/loja\/book-outros-mundos\/#primaryimage\"},\"image\":{\"@id\":\"https:\/\/anaabrao.com\/en\/loja\/book-outros-mundos\/#primaryimage\"},\"thumbnailUrl\":\"https:\/\/anaabrao.com\/wp-content\/uploads\/2023\/08\/Outros-Mundos-dois-livros-juntos2pq-1.webp\",\"datePublished\":\"2023-08-07T14:42:21+00:00\",\"dateModified\":\"2023-11-06T17:47:42+00:00\",\"breadcrumb\":{\"@id\":\"https:\/\/anaabrao.com\/en\/loja\/book-outros-mundos\/#breadcrumb\"},\"inLanguage\":\"en-US\",\"potentialAction\":[{\"@type\":\"ReadAction\",\"target\":[\"https:\/\/anaabrao.com\/en\/loja\/book-outros-mundos\/\"]}]},{\"@type\":\"ImageObject\",\"inLanguage\":\"en-US\",\"@id\":\"https:\/\/anaabrao.com\/en\/loja\/book-outros-mundos\/#primaryimage\",\"url\":\"https:\/\/anaabrao.com\/wp-content\/uploads\/2023\/08\/Outros-Mundos-dois-livros-juntos2pq-1.webp\",\"contentUrl\":\"https:\/\/anaabrao.com\/wp-content\/uploads\/2023\/08\/Outros-Mundos-dois-livros-juntos2pq-1.webp\",\"width\":1329,\"height\":1214},{\"@type\":\"BreadcrumbList\",\"@id\":\"https:\/\/anaabrao.com\/en\/loja\/book-outros-mundos\/#breadcrumb\",\"itemListElement\":[{\"@type\":\"ListItem\",\"position\":1,\"name\":\"Home\",\"item\":\"https:\/\/anaabrao.com\/home\/\"},{\"@type\":\"ListItem\",\"position\":2,\"name\":\"Shop\",\"item\":\"https:\/\/anaabrao.com\/en\/shop\/\"},{\"@type\":\"ListItem\",\"position\":3,\"name\":\"Book &#8220;Outros Mundos&#8221; &#8211; Sold Out\"}]},{\"@type\":\"WebSite\",\"@id\":\"https:\/\/anaabrao.com\/#website\",\"url\":\"https:\/\/anaabrao.com\/\",\"name\":\"Ana Abr\u00e3o\",\"description\":\"On line Portfolio\",\"potentialAction\":[{\"@type\":\"SearchAction\",\"target\":{\"@type\":\"EntryPoint\",\"urlTemplate\":\"https:\/\/anaabrao.com\/?s={search_term_string}\"},\"query-input\":{\"@type\":\"PropertyValueSpecification\",\"valueRequired\":true,\"valueName\":\"search_term_string\"}}],\"inLanguage\":\"en-US\"}]}<\/script>\n<!-- \/ Yoast SEO plugin. -->","yoast_head_json":{"title":"Book \"Outros Mundos\" - Sold Out - Ana Abr\u00e3o","robots":{"index":"index","follow":"follow","max-snippet":"max-snippet:-1","max-image-preview":"max-image-preview:large","max-video-preview":"max-video-preview:-1"},"canonical":"https:\/\/anaabrao.com\/en\/loja\/book-outros-mundos\/","og_locale":"en_US","og_type":"article","og_title":"Book \"Outros Mundos\" - Sold Out - Ana Abr\u00e3o","og_description":"ENGLISH Um ano, um m\u00eas e uma semana de aventuras e fotografias na \u00c1sia Um livro com Originalidade Al\u00e9m de um portfolio de imagens invulgar,\u00a0 \u00e9 tamb\u00e9m sobre pessoas que vivem outras realidades, \u00e9 sobre a diversidade cultural expressa no vestu\u00e1rio, nos costumes, na religi\u00e3o, na express\u00e3o corporal e na forma como se organizam socialmente.","og_url":"https:\/\/anaabrao.com\/en\/loja\/book-outros-mundos\/","og_site_name":"Ana Abr\u00e3o","article_publisher":"https:\/\/www.facebook.com\/ana.maria.abrao","article_modified_time":"2023-11-06T17:47:42+00:00","og_image":[{"width":1329,"height":1214,"url":"https:\/\/anaabrao.com\/wp-content\/uploads\/2023\/08\/Outros-Mundos-dois-livros-juntos2pq-1.webp","type":"image\/webp"}],"twitter_card":"summary_large_image","twitter_misc":{"Est. reading time":"1 minute"},"schema":{"@context":"https:\/\/schema.org","@graph":[{"@type":"WebPage","@id":"https:\/\/anaabrao.com\/en\/loja\/book-outros-mundos\/","url":"https:\/\/anaabrao.com\/en\/loja\/book-outros-mundos\/","name":"Book \"Outros Mundos\" - Sold Out - Ana Abr\u00e3o","isPartOf":{"@id":"https:\/\/anaabrao.com\/#website"},"primaryImageOfPage":{"@id":"https:\/\/anaabrao.com\/en\/loja\/book-outros-mundos\/#primaryimage"},"image":{"@id":"https:\/\/anaabrao.com\/en\/loja\/book-outros-mundos\/#primaryimage"},"thumbnailUrl":"https:\/\/anaabrao.com\/wp-content\/uploads\/2023\/08\/Outros-Mundos-dois-livros-juntos2pq-1.webp","datePublished":"2023-08-07T14:42:21+00:00","dateModified":"2023-11-06T17:47:42+00:00","breadcrumb":{"@id":"https:\/\/anaabrao.com\/en\/loja\/book-outros-mundos\/#breadcrumb"},"inLanguage":"en-US","potentialAction":[{"@type":"ReadAction","target":["https:\/\/anaabrao.com\/en\/loja\/book-outros-mundos\/"]}]},{"@type":"ImageObject","inLanguage":"en-US","@id":"https:\/\/anaabrao.com\/en\/loja\/book-outros-mundos\/#primaryimage","url":"https:\/\/anaabrao.com\/wp-content\/uploads\/2023\/08\/Outros-Mundos-dois-livros-juntos2pq-1.webp","contentUrl":"https:\/\/anaabrao.com\/wp-content\/uploads\/2023\/08\/Outros-Mundos-dois-livros-juntos2pq-1.webp","width":1329,"height":1214},{"@type":"BreadcrumbList","@id":"https:\/\/anaabrao.com\/en\/loja\/book-outros-mundos\/#breadcrumb","itemListElement":[{"@type":"ListItem","position":1,"name":"Home","item":"https:\/\/anaabrao.com\/home\/"},{"@type":"ListItem","position":2,"name":"Shop","item":"https:\/\/anaabrao.com\/en\/shop\/"},{"@type":"ListItem","position":3,"name":"Book &#8220;Outros Mundos&#8221; &#8211; Sold Out"}]},{"@type":"WebSite","@id":"https:\/\/anaabrao.com\/#website","url":"https:\/\/anaabrao.com\/","name":"Ana Abr\u00e3o","description":"On line Portfolio","potentialAction":[{"@type":"SearchAction","target":{"@type":"EntryPoint","urlTemplate":"https:\/\/anaabrao.com\/?s={search_term_string}"},"query-input":{"@type":"PropertyValueSpecification","valueRequired":true,"valueName":"search_term_string"}}],"inLanguage":"en-US"}]}},"_links":{"self":[{"href":"https:\/\/anaabrao.com\/en\/wp-json\/wp\/v2\/product\/27118","targetHints":{"allow":["GET"]}}],"collection":[{"href":"https:\/\/anaabrao.com\/en\/wp-json\/wp\/v2\/product"}],"about":[{"href":"https:\/\/anaabrao.com\/en\/wp-json\/wp\/v2\/types\/product"}],"replies":[{"embeddable":true,"href":"https:\/\/anaabrao.com\/en\/wp-json\/wp\/v2\/comments?post=27118"}],"wp:featuredmedia":[{"embeddable":true,"href":"https:\/\/anaabrao.com\/en\/wp-json\/wp\/v2\/media\/27058"}],"wp:attachment":[{"href":"https:\/\/anaabrao.com\/en\/wp-json\/wp\/v2\/media?parent=27118"}],"wp:term":[{"taxonomy":"product_brand","embeddable":true,"href":"https:\/\/anaabrao.com\/en\/wp-json\/wp\/v2\/product_brand?post=27118"},{"taxonomy":"product_cat","embeddable":true,"href":"https:\/\/anaabrao.com\/en\/wp-json\/wp\/v2\/product_cat?post=27118"},{"taxonomy":"product_tag","embeddable":true,"href":"https:\/\/anaabrao.com\/en\/wp-json\/wp\/v2\/product_tag?post=27118"}],"curies":[{"name":"wp","href":"https:\/\/api.w.org\/{rel}","templated":true}]}}